{"id":20,"date":"2025-03-11T12:59:30","date_gmt":"2025-03-11T11:59:30","guid":{"rendered":"https:\/\/miquelantoja.carlosferbell.es\/?page_id=20"},"modified":"2025-04-01T09:07:38","modified_gmt":"2025-04-01T07:07:38","slug":"sobre-mi","status":"publish","type":"page","link":"https:\/\/miquelantoja.carlosferbell.es\/index.php\/sobre-mi\/","title":{"rendered":"Sobre m\u00ed"},"content":{"rendered":"\t\t<div data-elementor-type=\"wp-page\" data-elementor-id=\"20\" class=\"elementor elementor-20\" data-elementor-post-type=\"page\">\n\t\t\t\t<div class=\"elementor-element elementor-element-98f09f5 e-con-full e-flex e-con e-parent\" data-id=\"98f09f5\" data-element_type=\"container\" data-settings=\"{&quot;background_background&quot;:&quot;classic&quot;}\">\n\t\t<div class=\"elementor-element elementor-element-4f0c322 e-con-full e-flex e-con e-child\" data-id=\"4f0c322\" data-element_type=\"container\">\n\t\t<div class=\"elementor-element elementor-element-ddc5937 e-con-full e-flex e-con e-child\" data-id=\"ddc5937\" data-element_type=\"container\">\n\t\t\t\t<div class=\"elementor-element elementor-element-3db42ed elementor-widget elementor-widget-image\" data-id=\"3db42ed\" data-element_type=\"widget\" data-widget_type=\"image.default\">\n\t\t\t\t<div class=\"elementor-widget-container\">\n\t\t\t\t\t\t\t\t\t\t\t\t\t\t\t<img fetchpriority=\"high\" decoding=\"async\" width=\"300\" height=\"200\" src=\"https:\/\/miquelantoja.carlosferbell.es\/wp-content\/uploads\/2025\/03\/miquel-antoja-920x615-620x414-1-300x200.webp\" class=\"attachment-medium size-medium wp-image-675\" alt=\"\" srcset=\"https:\/\/miquelantoja.carlosferbell.es\/wp-content\/uploads\/2025\/03\/miquel-antoja-920x615-620x414-1-300x200.webp 300w, https:\/\/miquelantoja.carlosferbell.es\/wp-content\/uploads\/2025\/03\/miquel-antoja-920x615-620x414-1.webp 620w\" sizes=\"(max-width: 300px) 100vw, 300px\" \/>\t\t\t\t\t\t\t\t\t\t\t\t\t\t\t<\/div>\n\t\t\t\t<\/div>\n\t\t\t\t<\/div>\n\t\t<div class=\"elementor-element elementor-element-0350df0 e-con-full e-flex e-con e-child\" data-id=\"0350df0\" data-element_type=\"container\">\n\t\t\t\t<div class=\"elementor-element elementor-element-b21e660 elementor-widget elementor-widget-heading\" data-id=\"b21e660\" data-element_type=\"widget\" data-widget_type=\"heading.default\">\n\t\t\t\t<div class=\"elementor-widget-container\">\n\t\t\t\t\t<h2 class=\"elementor-heading-title elementor-size-default\">Miquel Antoja<\/h2>\t\t\t\t<\/div>\n\t\t\t\t<\/div>\n\t\t\t\t<div class=\"elementor-element elementor-element-ac6ac69 elementor-widget elementor-widget-heading\" data-id=\"ac6ac69\" data-element_type=\"widget\" data-widget_type=\"heading.default\">\n\t\t\t\t<div class=\"elementor-widget-container\">\n\t\t\t\t\t<h2 class=\"elementor-heading-title elementor-size-default\">Fundador de Foodlona e Instagrammer<\/h2>\t\t\t\t<\/div>\n\t\t\t\t<\/div>\n\t\t\t\t<div class=\"elementor-element elementor-element-c3e51c4 elementor-widget__width-initial elementor-widget elementor-widget-text-editor\" data-id=\"c3e51c4\" data-element_type=\"widget\" data-widget_type=\"text-editor.default\">\n\t\t\t\t<div class=\"elementor-widget-container\">\n\t\t\t\t\t\t\t\t\t<p>Desde temprana edad, Miquel se ha destacado como un prodigio en la cocina. Su talento se refleja tanto detr\u00e1s de los fogones como delante de las c\u00e1maras en redes sociales ante sus m\u00e1s de 370 mil seguidores.<\/p>\t\t\t\t\t\t\t\t<\/div>\n\t\t\t\t<\/div>\n\t\t\t\t<\/div>\n\t\t\t\t<\/div>\n\t\t<div class=\"elementor-element elementor-element-3f759e8 e-con-full e-flex e-con e-child\" data-id=\"3f759e8\" data-element_type=\"container\">\n\t\t<div class=\"elementor-element elementor-element-05fba24 e-con-full e-flex e-con e-child\" data-id=\"05fba24\" data-element_type=\"container\">\n\t\t\t\t<div class=\"elementor-element elementor-element-642ce6b elementor-widget elementor-widget-heading\" data-id=\"642ce6b\" data-element_type=\"widget\" data-widget_type=\"heading.default\">\n\t\t\t\t<div class=\"elementor-widget-container\">\n\t\t\t\t\t<h2 class=\"elementor-heading-title elementor-size-default\">Su dedicaci\u00f3n lo llev\u00f3 a ser chef directivo de restaurantes con Estrella Michelin<\/h2>\t\t\t\t<\/div>\n\t\t\t\t<\/div>\n\t\t\t\t<div class=\"elementor-element elementor-element-0fb024a elementor-widget__width-initial elementor-widget elementor-widget-text-editor\" data-id=\"0fb024a\" data-element_type=\"widget\" data-widget_type=\"text-editor.default\">\n\t\t\t\t<div class=\"elementor-widget-container\">\n\t\t\t\t\t\t\t\t\t<p>Miquel Antoja naci\u00f3 en Barcelona, Espa\u00f1a el 5 de diciembre de 1984. Empez\u00f3 a estudiar cocina a los 20 a\u00f1os en la Escuela de Hosteler\u00eda y Turismo de Sant Pol de Mar (Barcelona, Espa\u00f1a), donde descubri\u00f3 su pasi\u00f3n por la gastronom\u00eda. Complement\u00f3 sus tres a\u00f1os de formaci\u00f3n con un cuarto a\u00f1o de pasteler\u00eda y pronto empez\u00f3 a trabajar como jefe de pasteler\u00eda en varios hoteles de lujo. Despu\u00e9s trabaj\u00f3 en la pasteler\u00eda gastron\u00f3mica Dol\u00e7, con el pastelero Yann Duytsche.<\/p><p>M\u00e1s tarde sigui\u00f3 en el mundo del salado trabajando durante tres a\u00f1os en el restaurante Ram\u00f3n Freixa Madrid, durante los cuales el restaurante recibi\u00f3 su segunda Estrella Michelin.<\/p><p>En 2012 entr\u00f3 en el equipo del restaurante Sant Pau de Carme Ruscalleda (3 estrellas Michelin) donde lleg\u00f3 a alcanzar la categor\u00eda profesional de Chef Directivo y creativo, creando platos para \u00e9ste y otros restaurantes, como el Moments (2 estrellas Michelin) o el Sant Pau de Tokio (2 estrellas Michelin).<\/p><p>Miquel Antoja crea Foodlona con el concepto de que la comida para llevar sea de alta calidad, con respeto hacia los productos y los procesos, y a precios asequibles. Lleva m\u00e1s de 14 a\u00f1os de experiencia trabajando con algunos de los mejores restaurantes de Espa\u00f1a.<\/p><p>Actualmente se dedica al asesoramiento de restaurantes, a la formaci\u00f3n y al catering, colaborando con grandes marcas.<\/p>\t\t\t\t\t\t\t\t<\/div>\n\t\t\t\t<\/div>\n\t\t\t\t<\/div>\n\t\t<div class=\"elementor-element elementor-element-cadc9a4 e-con-full e-flex e-con e-child\" data-id=\"cadc9a4\" data-element_type=\"container\">\n\t\t\t\t<div class=\"elementor-element elementor-element-ef03943 elementor-hidden-mobile elementor-widget elementor-widget-image\" data-id=\"ef03943\" data-element_type=\"widget\" data-widget_type=\"image.default\">\n\t\t\t\t<div class=\"elementor-widget-container\">\n\t\t\t\t\t\t\t\t\t\t\t\t\t\t\t<img decoding=\"async\" width=\"667\" height=\"1000\" src=\"https:\/\/miquelantoja.carlosferbell.es\/wp-content\/uploads\/2025\/03\/125-MiquelAntoja_bio2.jpg\" class=\"attachment-large size-large wp-image-927\" alt=\"\" srcset=\"https:\/\/miquelantoja.carlosferbell.es\/wp-content\/uploads\/2025\/03\/125-MiquelAntoja_bio2.jpg 667w, https:\/\/miquelantoja.carlosferbell.es\/wp-content\/uploads\/2025\/03\/125-MiquelAntoja_bio2-200x300.jpg 200w\" sizes=\"(max-width: 667px) 100vw, 667px\" \/>\t\t\t\t\t\t\t\t\t\t\t\t\t\t\t<\/div>\n\t\t\t\t<\/div>\n\t\t\t\t<\/div>\n\t\t\t\t<\/div>\n\t\t\t\t<\/div>\n\t\t<div class=\"elementor-element elementor-element-9f86382 e-con-full e-flex e-con e-parent\" data-id=\"9f86382\" data-element_type=\"container\" data-settings=\"{&quot;background_background&quot;:&quot;classic&quot;}\">\n\t\t<div class=\"elementor-element elementor-element-82d9a06 e-flex e-con-boxed e-con e-child\" data-id=\"82d9a06\" data-element_type=\"container\" data-settings=\"{&quot;background_background&quot;:&quot;classic&quot;}\">\n\t\t\t\t\t<div class=\"e-con-inner\">\n\t\t\t\t<div class=\"elementor-element elementor-element-944de13 elementor-widget elementor-widget-heading\" data-id=\"944de13\" data-element_type=\"widget\" data-widget_type=\"heading.default\">\n\t\t\t\t<div class=\"elementor-widget-container\">\n\t\t\t\t\t<h2 class=\"elementor-heading-title elementor-size-default\">Cursos de cocina<\/h2>\t\t\t\t<\/div>\n\t\t\t\t<\/div>\n\t\t<div class=\"elementor-element elementor-element-636fdee e-con-full e-flex e-con e-child\" data-id=\"636fdee\" data-element_type=\"container\">\n\t\t\t\t<div class=\"elementor-element elementor-element-c002d26 elementor-widget__width-inherit animated-fast elementor-invisible elementor-widget elementor-widget-image-carousel\" data-id=\"c002d26\" data-element_type=\"widget\" data-settings=\"{&quot;navigation&quot;:&quot;none&quot;,&quot;autoplay_speed&quot;:1000,&quot;_animation&quot;:&quot;fadeIn&quot;,&quot;image_spacing_custom&quot;:{&quot;unit&quot;:&quot;px&quot;,&quot;size&quot;:0,&quot;sizes&quot;:[]},&quot;image_spacing_custom_tablet&quot;:{&quot;unit&quot;:&quot;px&quot;,&quot;size&quot;:20,&quot;sizes&quot;:[]},&quot;autoplay&quot;:&quot;yes&quot;,&quot;infinite&quot;:&quot;yes&quot;,&quot;speed&quot;:500,&quot;image_spacing_custom_mobile&quot;:{&quot;unit&quot;:&quot;px&quot;,&quot;size&quot;:&quot;&quot;,&quot;sizes&quot;:[]}}\" data-widget_type=\"image-carousel.default\">\n\t\t\t\t<div class=\"elementor-widget-container\">\n\t\t\t\t\t\t\t<div class=\"elementor-image-carousel-wrapper swiper\" role=\"region\" aria-roledescription=\"carousel\" aria-label=\"Carrusel de im\u00e1genes\" dir=\"ltr\">\n\t\t\t<div class=\"elementor-image-carousel swiper-wrapper\" aria-live=\"off\">\n\t\t\t\t\t\t\t\t<div class=\"swiper-slide\" role=\"group\" aria-roledescription=\"slide\" aria-label=\"1 de 6\"><figure class=\"swiper-slide-inner\"><img decoding=\"async\" class=\"swiper-slide-image\" src=\"https:\/\/miquelantoja.carlosferbell.es\/wp-content\/uploads\/elementor\/thumbs\/croquetas-r3kj1i3p5r4k4x4nlgxn2t04nx7rf8zcbo144eatuo.jpg\" alt=\"Croquetas caseras\" \/><figcaption class=\"elementor-image-carousel-caption\">Croquetas caseras<\/figcaption><\/figure><\/div><div class=\"swiper-slide\" role=\"group\" aria-roledescription=\"slide\" aria-label=\"2 de 6\"><figure class=\"swiper-slide-inner\"><img decoding=\"async\" class=\"swiper-slide-image\" src=\"https:\/\/miquelantoja.carlosferbell.es\/wp-content\/uploads\/elementor\/thumbs\/Sable-Cacao-r3kkw3059a9qikf0t90ap05jgh1qnfavh7l9vzkx40.jpg\" alt=\"Galletas Gourmet\" \/><figcaption class=\"elementor-image-carousel-caption\">Galletas Gourmet<\/figcaption><\/figure><\/div><div class=\"swiper-slide\" role=\"group\" aria-roledescription=\"slide\" aria-label=\"3 de 6\"><figure class=\"swiper-slide-inner\"><img decoding=\"async\" class=\"swiper-slide-image\" src=\"https:\/\/miquelantoja.carlosferbell.es\/wp-content\/uploads\/elementor\/thumbs\/chococlate-r3kl9mudsatjw6qeolvo531rrg98mc3kca69ylhleo.jpg\" alt=\"Iniciaci\u00f3n al chocolate\" \/><figcaption class=\"elementor-image-carousel-caption\">Iniciaci\u00f3n al chocolate<\/figcaption><\/figure><\/div><div class=\"swiper-slide\" role=\"group\" aria-roledescription=\"slide\" aria-label=\"4 de 6\"><figure class=\"swiper-slide-inner\"><img decoding=\"async\" class=\"swiper-slide-image\" src=\"https:\/\/miquelantoja.carlosferbell.es\/wp-content\/uploads\/elementor\/thumbs\/maxresdefault2-r3nrt51v7rl7xd40b0kigj5yrc0rxa4pxqooxnix7k.jpg\" alt=\"Comida china\" \/><figcaption class=\"elementor-image-carousel-caption\">Comida china<\/figcaption><\/figure><\/div><div class=\"swiper-slide\" role=\"group\" aria-roledescription=\"slide\" aria-label=\"5 de 6\"><figure class=\"swiper-slide-inner\"><img decoding=\"async\" class=\"swiper-slide-image\" src=\"https:\/\/miquelantoja.carlosferbell.es\/wp-content\/uploads\/elementor\/thumbs\/Pate2-r3nruwyw4i0puuj5xs75631b5j9qgp6guj1pkgw5gg.jpg\" alt=\"Pat\u00e9s\" \/><figcaption class=\"elementor-image-carousel-caption\">Pat\u00e9s<\/figcaption><\/figure><\/div><div class=\"swiper-slide\" role=\"group\" aria-roledescription=\"slide\" aria-label=\"6 de 6\"><figure class=\"swiper-slide-inner\"><img decoding=\"async\" class=\"swiper-slide-image\" src=\"https:\/\/miquelantoja.carlosferbell.es\/wp-content\/uploads\/elementor\/thumbs\/receta-paella-valenciana-r3nrwk6q329s6a55bzsn163ckt5uxmpk2o5aswgckg.jpg\" alt=\"Paellas\" \/><figcaption class=\"elementor-image-carousel-caption\">Paellas<\/figcaption><\/figure><\/div>\t\t\t<\/div>\n\t\t\t\t\t\t\t\n\t\t\t\t\t\t\t\t\t<\/div>\n\t\t\t\t\t\t<\/div>\n\t\t\t\t<\/div>\n\t\t\t\t<\/div>\n\t\t\t\t\t<\/div>\n\t\t\t\t<\/div>\n\t\t\t\t<\/div>\n\t\t\t\t<\/div>\n\t\t","protected":false},"excerpt":{"rendered":"<p>Miquel Antoja Fundador de Foodlona e Instagrammer Desde temprana edad, Miquel se ha destacado como un prodigio en la cocina. Su talento se refleja tanto detr\u00e1s de los fogones como delante de las c\u00e1maras en redes sociales ante sus m\u00e1s de 370 mil seguidores. Su dedicaci\u00f3n lo llev\u00f3 a ser chef directivo de restaurantes con [&hellip;]<\/p>\n","protected":false},"author":1,"featured_media":0,"parent":0,"menu_order":0,"comment_status":"closed","ping_status":"closed","template":"","meta":{"_acf_changed":false,"footnotes":""},"class_list":["post-20","page","type-page","status-publish","hentry"],"acf":[],"yoast_head":"<!-- This site is optimized with the Yoast SEO plugin v24.7 - https:\/\/yoast.com\/wordpress\/plugins\/seo\/ -->\n<title>Sobre m\u00ed - Miquel Antoja<\/title>\n<meta name=\"description\" content=\"Mi talento se refleja tanto detr\u00e1s de los fogones como delante de las c\u00e1maras en redes sociales ante sus m\u00e1s de 370 mil seguidores.\" \/>\n<meta name=\"robots\" content=\"noindex, follow, max-snippet:-1, max-image-preview:large, max-video-preview:-1\" \/>\n<meta property=\"og:locale\" content=\"es_ES\" \/>\n<meta property=\"og:type\" content=\"article\" \/>\n<meta property=\"og:title\" content=\"Sobre m\u00ed - Miquel Antoja\" \/>\n<meta property=\"og:description\" content=\"Mi talento se refleja tanto detr\u00e1s de los fogones como delante de las c\u00e1maras en redes sociales ante sus m\u00e1s de 370 mil seguidores.\" \/>\n<meta property=\"og:url\" content=\"https:\/\/miquelantoja.carlosferbell.es\/index.php\/sobre-mi\/\" \/>\n<meta property=\"og:site_name\" content=\"Miquel Antoja\" \/>\n<meta property=\"article:modified_time\" content=\"2025-04-01T07:07:38+00:00\" \/>\n<meta property=\"og:image\" content=\"https:\/\/miquelantoja.carlosferbell.es\/wp-content\/uploads\/2025\/03\/miquel-antoja-920x615-620x414-1.webp\" \/>\n\t<meta property=\"og:image:width\" content=\"620\" \/>\n\t<meta property=\"og:image:height\" content=\"414\" \/>\n\t<meta property=\"og:image:type\" content=\"image\/webp\" \/>\n<meta name=\"twitter:card\" content=\"summary_large_image\" \/>\n<meta name=\"twitter:label1\" content=\"Tiempo de lectura\" \/>\n\t<meta name=\"twitter:data1\" content=\"4 minutos\" \/>\n<script type=\"application\/ld+json\" class=\"yoast-schema-graph\">{\"@context\":\"https:\/\/schema.org\",\"@graph\":[{\"@type\":\"WebPage\",\"@id\":\"https:\/\/miquelantoja.carlosferbell.es\/index.php\/sobre-mi\/\",\"url\":\"https:\/\/miquelantoja.carlosferbell.es\/index.php\/sobre-mi\/\",\"name\":\"Sobre m\u00ed - Miquel Antoja\",\"isPartOf\":{\"@id\":\"https:\/\/miquelantoja.carlosferbell.es\/#website\"},\"primaryImageOfPage\":{\"@id\":\"https:\/\/miquelantoja.carlosferbell.es\/index.php\/sobre-mi\/#primaryimage\"},\"image\":{\"@id\":\"https:\/\/miquelantoja.carlosferbell.es\/index.php\/sobre-mi\/#primaryimage\"},\"thumbnailUrl\":\"https:\/\/miquelantoja.carlosferbell.es\/wp-content\/uploads\/2025\/03\/miquel-antoja-920x615-620x414-1-300x200.webp\",\"datePublished\":\"2025-03-11T11:59:30+00:00\",\"dateModified\":\"2025-04-01T07:07:38+00:00\",\"description\":\"Mi talento se refleja tanto detr\u00e1s de los fogones como delante de las c\u00e1maras en redes sociales ante sus m\u00e1s de 370 mil seguidores.\",\"breadcrumb\":{\"@id\":\"https:\/\/miquelantoja.carlosferbell.es\/index.php\/sobre-mi\/#breadcrumb\"},\"inLanguage\":\"es\",\"potentialAction\":[{\"@type\":\"ReadAction\",\"target\":[\"https:\/\/miquelantoja.carlosferbell.es\/index.php\/sobre-mi\/\"]}]},{\"@type\":\"ImageObject\",\"inLanguage\":\"es\",\"@id\":\"https:\/\/miquelantoja.carlosferbell.es\/index.php\/sobre-mi\/#primaryimage\",\"url\":\"https:\/\/miquelantoja.carlosferbell.es\/wp-content\/uploads\/2025\/03\/miquel-antoja-920x615-620x414-1.webp\",\"contentUrl\":\"https:\/\/miquelantoja.carlosferbell.es\/wp-content\/uploads\/2025\/03\/miquel-antoja-920x615-620x414-1.webp\",\"width\":620,\"height\":414},{\"@type\":\"BreadcrumbList\",\"@id\":\"https:\/\/miquelantoja.carlosferbell.es\/index.php\/sobre-mi\/#breadcrumb\",\"itemListElement\":[{\"@type\":\"ListItem\",\"position\":1,\"name\":\"Portada\",\"item\":\"https:\/\/miquelantoja.carlosferbell.es\/\"},{\"@type\":\"ListItem\",\"position\":2,\"name\":\"Sobre m\u00ed\"}]},{\"@type\":\"WebSite\",\"@id\":\"https:\/\/miquelantoja.carlosferbell.es\/#website\",\"url\":\"https:\/\/miquelantoja.carlosferbell.es\/\",\"name\":\"Miquel Antoja\",\"description\":\"\",\"potentialAction\":[{\"@type\":\"SearchAction\",\"target\":{\"@type\":\"EntryPoint\",\"urlTemplate\":\"https:\/\/miquelantoja.carlosferbell.es\/?s={search_term_string}\"},\"query-input\":{\"@type\":\"PropertyValueSpecification\",\"valueRequired\":true,\"valueName\":\"search_term_string\"}}],\"inLanguage\":\"es\"}]}<\/script>\n<!-- \/ Yoast SEO plugin. -->","yoast_head_json":{"title":"Sobre m\u00ed - Miquel Antoja","description":"Mi talento se refleja tanto detr\u00e1s de los fogones como delante de las c\u00e1maras en redes sociales ante sus m\u00e1s de 370 mil seguidores.","robots":{"index":"noindex","follow":"follow","max-snippet":"max-snippet:-1","max-image-preview":"max-image-preview:large","max-video-preview":"max-video-preview:-1"},"og_locale":"es_ES","og_type":"article","og_title":"Sobre m\u00ed - Miquel Antoja","og_description":"Mi talento se refleja tanto detr\u00e1s de los fogones como delante de las c\u00e1maras en redes sociales ante sus m\u00e1s de 370 mil seguidores.","og_url":"https:\/\/miquelantoja.carlosferbell.es\/index.php\/sobre-mi\/","og_site_name":"Miquel Antoja","article_modified_time":"2025-04-01T07:07:38+00:00","og_image":[{"width":620,"height":414,"url":"https:\/\/miquelantoja.carlosferbell.es\/wp-content\/uploads\/2025\/03\/miquel-antoja-920x615-620x414-1.webp","type":"image\/webp"}],"twitter_card":"summary_large_image","twitter_misc":{"Tiempo de lectura":"4 minutos"},"schema":{"@context":"https:\/\/schema.org","@graph":[{"@type":"WebPage","@id":"https:\/\/miquelantoja.carlosferbell.es\/index.php\/sobre-mi\/","url":"https:\/\/miquelantoja.carlosferbell.es\/index.php\/sobre-mi\/","name":"Sobre m\u00ed - Miquel Antoja","isPartOf":{"@id":"https:\/\/miquelantoja.carlosferbell.es\/#website"},"primaryImageOfPage":{"@id":"https:\/\/miquelantoja.carlosferbell.es\/index.php\/sobre-mi\/#primaryimage"},"image":{"@id":"https:\/\/miquelantoja.carlosferbell.es\/index.php\/sobre-mi\/#primaryimage"},"thumbnailUrl":"https:\/\/miquelantoja.carlosferbell.es\/wp-content\/uploads\/2025\/03\/miquel-antoja-920x615-620x414-1-300x200.webp","datePublished":"2025-03-11T11:59:30+00:00","dateModified":"2025-04-01T07:07:38+00:00","description":"Mi talento se refleja tanto detr\u00e1s de los fogones como delante de las c\u00e1maras en redes sociales ante sus m\u00e1s de 370 mil seguidores.","breadcrumb":{"@id":"https:\/\/miquelantoja.carlosferbell.es\/index.php\/sobre-mi\/#breadcrumb"},"inLanguage":"es","potentialAction":[{"@type":"ReadAction","target":["https:\/\/miquelantoja.carlosferbell.es\/index.php\/sobre-mi\/"]}]},{"@type":"ImageObject","inLanguage":"es","@id":"https:\/\/miquelantoja.carlosferbell.es\/index.php\/sobre-mi\/#primaryimage","url":"https:\/\/miquelantoja.carlosferbell.es\/wp-content\/uploads\/2025\/03\/miquel-antoja-920x615-620x414-1.webp","contentUrl":"https:\/\/miquelantoja.carlosferbell.es\/wp-content\/uploads\/2025\/03\/miquel-antoja-920x615-620x414-1.webp","width":620,"height":414},{"@type":"BreadcrumbList","@id":"https:\/\/miquelantoja.carlosferbell.es\/index.php\/sobre-mi\/#breadcrumb","itemListElement":[{"@type":"ListItem","position":1,"name":"Portada","item":"https:\/\/miquelantoja.carlosferbell.es\/"},{"@type":"ListItem","position":2,"name":"Sobre m\u00ed"}]},{"@type":"WebSite","@id":"https:\/\/miquelantoja.carlosferbell.es\/#website","url":"https:\/\/miquelantoja.carlosferbell.es\/","name":"Miquel Antoja","description":"","potentialAction":[{"@type":"SearchAction","target":{"@type":"EntryPoint","urlTemplate":"https:\/\/miquelantoja.carlosferbell.es\/?s={search_term_string}"},"query-input":{"@type":"PropertyValueSpecification","valueRequired":true,"valueName":"search_term_string"}}],"inLanguage":"es"}]}},"_links":{"self":[{"href":"https:\/\/miquelantoja.carlosferbell.es\/index.php\/wp-json\/wp\/v2\/pages\/20","targetHints":{"allow":["GET"]}}],"collection":[{"href":"https:\/\/miquelantoja.carlosferbell.es\/index.php\/wp-json\/wp\/v2\/pages"}],"about":[{"href":"https:\/\/miquelantoja.carlosferbell.es\/index.php\/wp-json\/wp\/v2\/types\/page"}],"author":[{"embeddable":true,"href":"https:\/\/miquelantoja.carlosferbell.es\/index.php\/wp-json\/wp\/v2\/users\/1"}],"replies":[{"embeddable":true,"href":"https:\/\/miquelantoja.carlosferbell.es\/index.php\/wp-json\/wp\/v2\/comments?post=20"}],"version-history":[{"count":97,"href":"https:\/\/miquelantoja.carlosferbell.es\/index.php\/wp-json\/wp\/v2\/pages\/20\/revisions"}],"predecessor-version":[{"id":1935,"href":"https:\/\/miquelantoja.carlosferbell.es\/index.php\/wp-json\/wp\/v2\/pages\/20\/revisions\/1935"}],"wp:attachment":[{"href":"https:\/\/miquelantoja.carlosferbell.es\/index.php\/wp-json\/wp\/v2\/media?parent=20"}],"curies":[{"name":"wp","href":"https:\/\/api.w.org\/{rel}","templated":true}]}}